{"id":53,"date":"2019-11-13T14:12:30","date_gmt":"2019-11-13T13:12:30","guid":{"rendered":"http:\/\/petitesmainsdemoi.com\/?page_id=53"},"modified":"2022-09-06T11:42:28","modified_gmt":"2022-09-06T09:42:28","slug":"la-creatrice-jeux-en-tissu","status":"publish","type":"page","link":"https:\/\/petitesmainsdemoi.com\/index.php\/la-creatrice-jeux-en-tissu\/","title":{"rendered":"Fabienne"},"content":{"rendered":"\t\t<div data-elementor-type=\"wp-post\" data-elementor-id=\"53\" class=\"elementor elementor-53\">\n\t\t\t\t\t\t<div class=\"elementor-inner\">\n\t\t\t\t<div class=\"elementor-section-wrap\">\n\t\t\t\t\t\t\t\t\t<section class=\"elementor-section elementor-top-section elementor-element elementor-element-30b7b1e elementor-section-boxed elementor-section-height-default elementor-section-height-default\" data-id=\"30b7b1e\" data-element_type=\"section\">\n\t\t\t\t\t\t<div class=\"elementor-container elementor-column-gap-default\">\n\t\t\t\t\t\t\t<div class=\"elementor-row\">\n\t\t\t\t\t<div class=\"elementor-column elementor-col-50 elementor-top-column elementor-element elementor-element-a723e6c\" data-id=\"a723e6c\" data-element_type=\"column\">\n\t\t\t<div class=\"elementor-column-wrap elementor-element-populated\">\n\t\t\t\t\t\t\t<div class=\"elementor-widget-wrap\">\n\t\t\t\t\t\t<div class=\"elementor-element elementor-element-9cd6b07 elementor-widget elementor-widget-image\" data-id=\"9cd6b07\" data-element_type=\"widget\" data-widget_type=\"image.default\">\n\t\t\t\t<div class=\"elementor-widget-container\">\n\t\t\t\t\t\t\t\t<div class=\"elementor-image\">\n\t\t\t\t\t\t\t\t\t\t\t\t<img decoding=\"async\" width=\"500\" height=\"385\" src=\"https:\/\/petitesmainsdemoi.com\/wp-content\/uploads\/2020\/11\/P1110493_2-Copie.jpg\" class=\"attachment-large size-large wp-image-1421\" alt=\"\" loading=\"lazy\" srcset=\"https:\/\/petitesmainsdemoi.com\/wp-content\/uploads\/2020\/11\/P1110493_2-Copie.jpg 500w, https:\/\/petitesmainsdemoi.com\/wp-content\/uploads\/2020\/11\/P1110493_2-Copie-300x231.jpg 300w\" sizes=\"(max-width: 500px) 100vw, 500px\" \/>\t\t\t\t\t\t\t\t\t\t\t\t\t\t<\/div>\n\t\t\t\t\t\t<\/div>\n\t\t\t\t<\/div>\n\t\t\t\t\t\t<\/div>\n\t\t\t\t\t<\/div>\n\t\t<\/div>\n\t\t\t\t<div class=\"elementor-column elementor-col-50 elementor-top-column elementor-element elementor-element-61f6484\" data-id=\"61f6484\" data-element_type=\"column\">\n\t\t\t<div class=\"elementor-column-wrap elementor-element-populated\">\n\t\t\t\t\t\t\t<div class=\"elementor-widget-wrap\">\n\t\t\t\t\t\t<div class=\"elementor-element elementor-element-bdd3fed elementor-widget elementor-widget-heading\" data-id=\"bdd3fed\" data-element_type=\"widget\" data-widget_type=\"heading.default\">\n\t\t\t\t<div class=\"elementor-widget-container\">\n\t\t\t<h2 class=\"elementor-heading-title elementor-size-default\">Fabienne<\/h2>\t\t<\/div>\n\t\t\t\t<\/div>\n\t\t\t\t<div class=\"elementor-element elementor-element-e2e36b6 elementor-widget elementor-widget-text-editor\" data-id=\"e2e36b6\" data-element_type=\"widget\" data-widget_type=\"text-editor.default\">\n\t\t\t\t<div class=\"elementor-widget-container\">\n\t\t\t\t\t\t\t\t<div class=\"elementor-text-editor elementor-clearfix\">\n\t\t\t\t<h4><strong><span style=\"font-size: 15px; color: #993366;\">Apr\u00e8s des \u00e9tudes d&rsquo;architecte d&rsquo;int\u00e9rieur, j&rsquo;ai exerc\u00e9 diff\u00e9rents m\u00e9tiers de l&rsquo;\u00e9ducation populaire, une fa\u00e7on de compl\u00e9ter mes formations \u00e0 diff\u00e9rentes p\u00e9dagogies <\/span><span style=\"font-size: 15px; color: #993366;\">et mes acquis sur le terrain.<br \/><\/span><span style=\"font-size: 15px; color: #993366;\">J&rsquo;ai pu renforcer mes connaissances en retrouvant les bancs de l&rsquo;\u00e9cole en psychologie infantile mais aussi l&rsquo;expression dans les arts plastiques, dont j&rsquo;ai \u00e9t\u00e9 animatrice-professeur pour enfants et adultes.<br \/>Adolescente, je communiquais avec des d\u00e9funts, par messages ou l&rsquo;\u00e9criture automatique. Cette communication s&rsquo;est mise en veille pendant plusieurs ann\u00e9es, avant de prendre de la force apr\u00e8s un virage \u00e0 180\u00b0 dans ma vie priv\u00e9e. <br \/>Je me suis form\u00e9e \u00e0 des techniques de d\u00e9tente et de magn\u00e9tisme comme le Lahochi, le massage assis ou le massage des cinq continents.\u00a0<br \/><\/span><\/strong><strong style=\"font-family: Raleway, sans-serif; font-size: 16px; background-color: transparent;\"><span style=\"font-size: 15px; color: #993366;\">Une certaine sensibilit\u00e9 des cinq sens &#8211; dont un en particulier* &#8211; m&rsquo;ont pouss\u00e9 \u00e0 d\u00e9velopper des cr\u00e9ations en textiles, bas\u00e9es sur le toucher.<\/span><\/strong><\/h4><h4><strong><span style=\"font-size: 15px; color: #993366;\">\u00a0<\/span><\/strong><\/h4><h4><strong><span style=\"font-size: 15px; color: #993366;\">\u00ab\u00a0Notre peau r\u00e9cup\u00e8re des informations \u00e9chang\u00e9es avec le cerveau. C&rsquo;est la peau qui nous permet de sentir les choses, et j&rsquo;ai une pr\u00e9f\u00e9rence pour les nerfs, ces r\u00e9cepteurs tactiles qui assurent le r\u00f4le du toucher. Et comme les informations font des aller-retour avec le cerveau, pourquoi ne pas les \u00ab\u00a0stimuler\u00a0\u00bb pour leur permettre de l\u00e2cher prise ?\u00a0\u00bb<\/span><\/strong><\/h4>\t\t\t\t\t<\/div>\n\t\t\t\t\t\t<\/div>\n\t\t\t\t<\/div>\n\t\t\t\t\t\t<\/div>\n\t\t\t\t\t<\/div>\n\t\t<\/div>\n\t\t\t\t\t\t\t\t<\/div>\n\t\t\t\t\t<\/div>\n\t\t<\/section>\n\t\t\t\t<section class=\"elementor-section elementor-top-section elementor-element elementor-element-aa19416 elementor-section-boxed elementor-section-height-default elementor-section-height-default\" data-id=\"aa19416\" data-element_type=\"section\">\n\t\t\t\t\t\t<div class=\"elementor-container elementor-column-gap-default\">\n\t\t\t\t\t\t\t<div class=\"elementor-row\">\n\t\t\t\t\t<div class=\"elementor-column elementor-col-33 elementor-top-column elementor-element elementor-element-be55008\" data-id=\"be55008\" data-element_type=\"column\">\n\t\t\t<div class=\"elementor-column-wrap elementor-element-populated\">\n\t\t\t\t\t\t\t<div class=\"elementor-widget-wrap\">\n\t\t\t\t\t\t<div class=\"elementor-element elementor-element-5456202 elementor-widget elementor-widget-image\" data-id=\"5456202\" data-element_type=\"widget\" data-widget_type=\"image.default\">\n\t\t\t\t<div class=\"elementor-widget-container\">\n\t\t\t\t\t\t\t\t<div class=\"elementor-image\">\n\t\t\t\t\t\t\t\t\t\t\t\t<img decoding=\"async\" src=\"https:\/\/petitesmainsdemoi.com\/wp-content\/uploads\/elementor\/thumbs\/INPI-pfo3l65r109kthhz0ehnpe4bj7v14qqainikdadags.jpg\" title=\"INPI\" alt=\"INPI\" \/>\t\t\t\t\t\t\t\t\t\t\t\t\t\t<\/div>\n\t\t\t\t\t\t<\/div>\n\t\t\t\t<\/div>\n\t\t\t\t\t\t<\/div>\n\t\t\t\t\t<\/div>\n\t\t<\/div>\n\t\t\t\t<div class=\"elementor-column elementor-col-66 elementor-top-column elementor-element elementor-element-3e19f45\" data-id=\"3e19f45\" data-element_type=\"column\">\n\t\t\t<div class=\"elementor-column-wrap elementor-element-populated\">\n\t\t\t\t\t\t\t<div class=\"elementor-widget-wrap\">\n\t\t\t\t\t\t<div class=\"elementor-element elementor-element-d8b136b elementor-widget elementor-widget-text-editor\" data-id=\"d8b136b\" data-element_type=\"widget\" data-widget_type=\"text-editor.default\">\n\t\t\t\t<div class=\"elementor-widget-container\">\n\t\t\t\t\t\t\t\t<div class=\"elementor-text-editor elementor-clearfix\">\n\t\t\t\t<p><span style=\"color: #993366;\">Une des choses essentielles dans ma fa\u00e7on de travailler :<br><\/span><span style=\"color: rgb(153, 51, 102); font-size: 17px; background-color: transparent;\">&gt; <u>Pour mes s\u00e9ances d&rsquo;accompagnement :<\/u> \u00eatre \u00e0 l&rsquo;\u00e9coute du corps et de l&rsquo;esprit !<br>&gt; <u>Mes pratiques au travers de Petites Mains de Moi :<\/u><br>&#8211; \u00e9coutent les messages du corps<br>&#8211; donnent du bien-\u00eatre dans la bienveillance et l&rsquo;amour<br>&#8211; soulagent des \u00ab\u00a0maux\u00a0\u00bb par le toucher et des \u00ab\u00a0mots\u00a0\u00bb<br>&#8211; captent les messages d&rsquo;entit\u00e9s pour vous guider&nbsp;<\/span><\/p><p><span style=\"color: #993366;\">&gt; <u>Pour mes supports tactiles :<\/u> fabriquer des productions raisonnables pour offrir la meilleure des qualit\u00e9s au prix juste !<br>Pas de surproduction pour ne pas g\u00e2cher et moins polluer !<br><\/span><span style=\"color: #993366; font-size: 17px; background-color: transparent;\">&gt; <u>Mes cr\u00e9ations au travers de ma marque Petites Mains de Moi :<\/u><br><\/span><span style=\"color: #993366; font-size: 17px; background-color: transparent;\">&#8211; accompagnent les utilisateurs dans des exp\u00e9riences de vie&nbsp;<br><\/span><span style=\"color: #993366; font-size: 17px; background-color: transparent;\">&#8211; compl\u00e8tent des d\u00e9couvertes p\u00e9dagogiques<br><\/span><span style=\"color: #993366; font-size: 17px; background-color: transparent;\">&#8211; sont aux c\u00f4t\u00e9s de l&rsquo;adulte responsable<br><\/span><span style=\"color: #993366; font-size: 17px; background-color: transparent;\">&#8211; remettent le Jeu au centre du Je<\/span><\/p>\t\t\t\t\t<\/div>\n\t\t\t\t\t\t<\/div>\n\t\t\t\t<\/div>\n\t\t\t\t\t\t<\/div>\n\t\t\t\t\t<\/div>\n\t\t<\/div>\n\t\t\t\t\t\t\t\t<\/div>\n\t\t\t\t\t<\/div>\n\t\t<\/section>\n\t\t\t\t\t\t\t\t\t<\/div>\n\t\t\t<\/div>\n\t\t\t\t\t<\/div>\n\t\t","protected":false},"excerpt":{"rendered":"<p>Fabienne Apr\u00e8s des \u00e9tudes d&rsquo;architecte d&rsquo;int\u00e9rieur, j&rsquo;ai exerc\u00e9 diff\u00e9rents m\u00e9tiers de l&rsquo;\u00e9ducation populaire, une fa\u00e7on de compl\u00e9ter mes formations \u00e0 diff\u00e9rentes p\u00e9dagogies et mes acquis sur le terrain. J&rsquo;ai pu renforcer mes connaissances en retrouvant les bancs de l&rsquo;\u00e9cole en psychologie infantile mais aussi l&rsquo;expression dans les arts plastiques, dont j&rsquo;ai \u00e9t\u00e9 animatrice-professeur pour enfants <a class=\"read-more\" href=\"https:\/\/petitesmainsdemoi.com\/index.php\/la-creatrice-jeux-en-tissu\/\">Read More<\/a><\/p>\n","protected":false},"author":1,"featured_media":0,"parent":0,"menu_order":0,"comment_status":"closed","ping_status":"closed","template":"","meta":[],"yoast_head":"<!-- This site is optimized with the Yoast SEO plugin v19.13 - https:\/\/yoast.com\/wordpress\/plugins\/seo\/ -->\n<title>Fabienne de Petites Mains de Moi<\/title>\n<meta name=\"description\" content=\"Styliste et cr\u00e9atrice de jeux en tissu de la marque Petites Mains de Moi. Supports pour apprendre et stimuler par la p\u00e9dagogie du jeu.\" \/>\n<meta name=\"robots\" content=\"index, follow, max-snippet:-1, max-image-preview:large, max-video-preview:-1\" \/>\n<link rel=\"canonical\" href=\"https:\/\/petitesmainsdemoi.com\/index.php\/la-creatrice-jeux-en-tissu\/\" \/>\n<meta property=\"og:locale\" content=\"fr_FR\" \/>\n<meta property=\"og:type\" content=\"article\" \/>\n<meta property=\"og:title\" content=\"Fabienne de Petites Mains de Moi\" \/>\n<meta property=\"og:description\" content=\"Styliste et cr\u00e9atrice de jeux en tissu de la marque Petites Mains de Moi. Supports pour apprendre et stimuler par la p\u00e9dagogie du jeu.\" \/>\n<meta property=\"og:url\" content=\"https:\/\/petitesmainsdemoi.com\/index.php\/la-creatrice-jeux-en-tissu\/\" \/>\n<meta property=\"og:site_name\" content=\"Petites Mains de Moi\" \/>\n<meta property=\"article:publisher\" content=\"https:\/\/www.facebook.com\/petitesmainsdemoi\/?modal=admin_todo_tour\" \/>\n<meta property=\"article:modified_time\" content=\"2022-09-06T09:42:28+00:00\" \/>\n<meta property=\"og:image\" content=\"https:\/\/petitesmainsdemoi.com\/wp-content\/uploads\/2020\/11\/P1110493_2-Copie.jpg\" \/>\n<meta name=\"twitter:card\" content=\"summary_large_image\" \/>\n<meta name=\"twitter:label1\" content=\"Dur\u00e9e de lecture estim\u00e9e\" \/>\n\t<meta name=\"twitter:data1\" content=\"3 minutes\" \/>\n<script type=\"application\/ld+json\" class=\"yoast-schema-graph\">{\"@context\":\"https:\/\/schema.org\",\"@graph\":[{\"@type\":\"WebPage\",\"@id\":\"https:\/\/petitesmainsdemoi.com\/index.php\/la-creatrice-jeux-en-tissu\/\",\"url\":\"https:\/\/petitesmainsdemoi.com\/index.php\/la-creatrice-jeux-en-tissu\/\",\"name\":\"Fabienne de Petites Mains de Moi\",\"isPartOf\":{\"@id\":\"https:\/\/petitesmainsdemoi.com\/#website\"},\"datePublished\":\"2019-11-13T13:12:30+00:00\",\"dateModified\":\"2022-09-06T09:42:28+00:00\",\"description\":\"Styliste et cr\u00e9atrice de jeux en tissu de la marque Petites Mains de Moi. Supports pour apprendre et stimuler par la p\u00e9dagogie du jeu.\",\"breadcrumb\":{\"@id\":\"https:\/\/petitesmainsdemoi.com\/index.php\/la-creatrice-jeux-en-tissu\/#breadcrumb\"},\"inLanguage\":\"fr-FR\",\"potentialAction\":[{\"@type\":\"ReadAction\",\"target\":[\"https:\/\/petitesmainsdemoi.com\/index.php\/la-creatrice-jeux-en-tissu\/\"]}]},{\"@type\":\"BreadcrumbList\",\"@id\":\"https:\/\/petitesmainsdemoi.com\/index.php\/la-creatrice-jeux-en-tissu\/#breadcrumb\",\"itemListElement\":[{\"@type\":\"ListItem\",\"position\":1,\"name\":\"Accueil\",\"item\":\"https:\/\/petitesmainsdemoi.com\/\"},{\"@type\":\"ListItem\",\"position\":2,\"name\":\"Fabienne\"}]},{\"@type\":\"WebSite\",\"@id\":\"https:\/\/petitesmainsdemoi.com\/#website\",\"url\":\"https:\/\/petitesmainsdemoi.com\/\",\"name\":\"Petites Mains de Moi\",\"description\":\"Cr\u00e9ation de Jeux pour enfant sage ... ou pas !\",\"publisher\":{\"@id\":\"https:\/\/petitesmainsdemoi.com\/#organization\"},\"potentialAction\":[{\"@type\":\"SearchAction\",\"target\":{\"@type\":\"EntryPoint\",\"urlTemplate\":\"https:\/\/petitesmainsdemoi.com\/?s={search_term_string}\"},\"query-input\":\"required name=search_term_string\"}],\"inLanguage\":\"fr-FR\"},{\"@type\":\"Organization\",\"@id\":\"https:\/\/petitesmainsdemoi.com\/#organization\",\"name\":\"Petites Mains de Moi\",\"url\":\"https:\/\/petitesmainsdemoi.com\/\",\"logo\":{\"@type\":\"ImageObject\",\"inLanguage\":\"fr-FR\",\"@id\":\"https:\/\/petitesmainsdemoi.com\/#\/schema\/logo\/image\/\",\"url\":\"https:\/\/petitesmainsdemoi.com\/wp-content\/uploads\/2020\/07\/LOGO-PMDM.png\",\"contentUrl\":\"https:\/\/petitesmainsdemoi.com\/wp-content\/uploads\/2020\/07\/LOGO-PMDM.png\",\"width\":400,\"height\":518,\"caption\":\"Petites Mains de Moi\"},\"image\":{\"@id\":\"https:\/\/petitesmainsdemoi.com\/#\/schema\/logo\/image\/\"},\"sameAs\":[\"https:\/\/www.instagram.com\/petites.mains.de.moi\/\",\"https:\/\/www.pinterest.fr\/petitesmainsdemoi\/\",\"https:\/\/www.facebook.com\/petitesmainsdemoi\/?modal=admin_todo_tour\"]}]}<\/script>\n<!-- \/ Yoast SEO plugin. -->","yoast_head_json":{"title":"Fabienne de Petites Mains de Moi","description":"Styliste et cr\u00e9atrice de jeux en tissu de la marque Petites Mains de Moi. Supports pour apprendre et stimuler par la p\u00e9dagogie du jeu.","robots":{"index":"index","follow":"follow","max-snippet":"max-snippet:-1","max-image-preview":"max-image-preview:large","max-video-preview":"max-video-preview:-1"},"canonical":"https:\/\/petitesmainsdemoi.com\/index.php\/la-creatrice-jeux-en-tissu\/","og_locale":"fr_FR","og_type":"article","og_title":"Fabienne de Petites Mains de Moi","og_description":"Styliste et cr\u00e9atrice de jeux en tissu de la marque Petites Mains de Moi. Supports pour apprendre et stimuler par la p\u00e9dagogie du jeu.","og_url":"https:\/\/petitesmainsdemoi.com\/index.php\/la-creatrice-jeux-en-tissu\/","og_site_name":"Petites Mains de Moi","article_publisher":"https:\/\/www.facebook.com\/petitesmainsdemoi\/?modal=admin_todo_tour","article_modified_time":"2022-09-06T09:42:28+00:00","og_image":[{"url":"https:\/\/petitesmainsdemoi.com\/wp-content\/uploads\/2020\/11\/P1110493_2-Copie.jpg"}],"twitter_card":"summary_large_image","twitter_misc":{"Dur\u00e9e de lecture estim\u00e9e":"3 minutes"},"schema":{"@context":"https:\/\/schema.org","@graph":[{"@type":"WebPage","@id":"https:\/\/petitesmainsdemoi.com\/index.php\/la-creatrice-jeux-en-tissu\/","url":"https:\/\/petitesmainsdemoi.com\/index.php\/la-creatrice-jeux-en-tissu\/","name":"Fabienne de Petites Mains de Moi","isPartOf":{"@id":"https:\/\/petitesmainsdemoi.com\/#website"},"datePublished":"2019-11-13T13:12:30+00:00","dateModified":"2022-09-06T09:42:28+00:00","description":"Styliste et cr\u00e9atrice de jeux en tissu de la marque Petites Mains de Moi. Supports pour apprendre et stimuler par la p\u00e9dagogie du jeu.","breadcrumb":{"@id":"https:\/\/petitesmainsdemoi.com\/index.php\/la-creatrice-jeux-en-tissu\/#breadcrumb"},"inLanguage":"fr-FR","potentialAction":[{"@type":"ReadAction","target":["https:\/\/petitesmainsdemoi.com\/index.php\/la-creatrice-jeux-en-tissu\/"]}]},{"@type":"BreadcrumbList","@id":"https:\/\/petitesmainsdemoi.com\/index.php\/la-creatrice-jeux-en-tissu\/#breadcrumb","itemListElement":[{"@type":"ListItem","position":1,"name":"Accueil","item":"https:\/\/petitesmainsdemoi.com\/"},{"@type":"ListItem","position":2,"name":"Fabienne"}]},{"@type":"WebSite","@id":"https:\/\/petitesmainsdemoi.com\/#website","url":"https:\/\/petitesmainsdemoi.com\/","name":"Petites Mains de Moi","description":"Cr\u00e9ation de Jeux pour enfant sage ... ou pas !","publisher":{"@id":"https:\/\/petitesmainsdemoi.com\/#organization"},"potentialAction":[{"@type":"SearchAction","target":{"@type":"EntryPoint","urlTemplate":"https:\/\/petitesmainsdemoi.com\/?s={search_term_string}"},"query-input":"required name=search_term_string"}],"inLanguage":"fr-FR"},{"@type":"Organization","@id":"https:\/\/petitesmainsdemoi.com\/#organization","name":"Petites Mains de Moi","url":"https:\/\/petitesmainsdemoi.com\/","logo":{"@type":"ImageObject","inLanguage":"fr-FR","@id":"https:\/\/petitesmainsdemoi.com\/#\/schema\/logo\/image\/","url":"https:\/\/petitesmainsdemoi.com\/wp-content\/uploads\/2020\/07\/LOGO-PMDM.png","contentUrl":"https:\/\/petitesmainsdemoi.com\/wp-content\/uploads\/2020\/07\/LOGO-PMDM.png","width":400,"height":518,"caption":"Petites Mains de Moi"},"image":{"@id":"https:\/\/petitesmainsdemoi.com\/#\/schema\/logo\/image\/"},"sameAs":["https:\/\/www.instagram.com\/petites.mains.de.moi\/","https:\/\/www.pinterest.fr\/petitesmainsdemoi\/","https:\/\/www.facebook.com\/petitesmainsdemoi\/?modal=admin_todo_tour"]}]}},"_links":{"self":[{"href":"https:\/\/petitesmainsdemoi.com\/index.php\/wp-json\/wp\/v2\/pages\/53"}],"collection":[{"href":"https:\/\/petitesmainsdemoi.com\/index.php\/wp-json\/wp\/v2\/pages"}],"about":[{"href":"https:\/\/petitesmainsdemoi.com\/index.php\/wp-json\/wp\/v2\/types\/page"}],"author":[{"embeddable":true,"href":"https:\/\/petitesmainsdemoi.com\/index.php\/wp-json\/wp\/v2\/users\/1"}],"replies":[{"embeddable":true,"href":"https:\/\/petitesmainsdemoi.com\/index.php\/wp-json\/wp\/v2\/comments?post=53"}],"version-history":[{"count":67,"href":"https:\/\/petitesmainsdemoi.com\/index.php\/wp-json\/wp\/v2\/pages\/53\/revisions"}],"predecessor-version":[{"id":2333,"href":"https:\/\/petitesmainsdemoi.com\/index.php\/wp-json\/wp\/v2\/pages\/53\/revisions\/2333"}],"wp:attachment":[{"href":"https:\/\/petitesmainsdemoi.com\/index.php\/wp-json\/wp\/v2\/media?parent=53"}],"curies":[{"name":"wp","href":"https:\/\/api.w.org\/{rel}","templated":true}]}}